{"id":659,"date":"2022-06-01T10:57:19","date_gmt":"2022-06-01T18:57:19","guid":{"rendered":"https:\/\/darmhi.com\/?page_id=659"},"modified":"2022-06-01T11:14:58","modified_gmt":"2022-06-01T19:14:58","slug":"aviso-de-privacidad","status":"publish","type":"page","link":"https:\/\/darmhi.com\/index.php\/home\/aviso-de-privacidad\/","title":{"rendered":"Aviso de Privacidad"},"content":{"rendered":"\t\t<div data-elementor-type=\"wp-page\" data-elementor-id=\"659\" class=\"elementor elementor-659\" data-elementor-post-type=\"page\">\n\t\t\t\t\t\t<section class=\"elementor-section elementor-top-section elementor-element elementor-element-ed1c6a6 elementor-section-full_width elementor-section-height-default elementor-section-height-default\" data-id=\"ed1c6a6\" data-element_type=\"section\" data-e-type=\"section\" id=\"Home\">\n\t\t\t\t\t\t<div class=\"elementor-container elementor-column-gap-no\">\n\t\t\t\t\t<div class=\"elementor-column elementor-col-100 elementor-top-column elementor-element elementor-element-b78608b\" data-id=\"b78608b\" data-element_type=\"column\" data-e-type=\"column\">\n\t\t\t<div class=\"elementor-widget-wrap\">\n\t\t\t\t\t\t\t<\/div>\n\t\t<\/div>\n\t\t\t\t\t<\/div>\n\t\t<\/section>\n\t\t\t\t<section class=\"elementor-section elementor-top-section elementor-element elementor-element-ea61b98 elementor-section-boxed elementor-section-height-default elementor-section-height-default\" data-id=\"ea61b98\" data-element_type=\"section\" data-e-type=\"section\">\n\t\t\t\t\t\t<div class=\"elementor-container elementor-column-gap-default\">\n\t\t\t\t\t<div class=\"elementor-column elementor-col-33 elementor-top-column elementor-element elementor-element-7176cfb\" data-id=\"7176cfb\" data-element_type=\"column\" data-e-type=\"column\">\n\t\t\t<div class=\"elementor-widget-wrap elementor-element-populated\">\n\t\t\t\t\t\t<div class=\"elementor-element elementor-element-ef8bb0e elementor-widget elementor-widget-image\" data-id=\"ef8bb0e\" data-element_type=\"widget\" data-e-type=\"widget\" data-widget_type=\"image.default\">\n\t\t\t\t<div class=\"elementor-widget-container\">\n\t\t\t\t\t\t\t\t\t\t\t\t\t\t\t\t<a href=\"https:\/\/darmhi.com\/\">\n\t\t\t\t\t\t\t<img fetchpriority=\"high\" decoding=\"async\" width=\"800\" height=\"205\" src=\"https:\/\/darmhi.com\/wp-content\/uploads\/2019\/10\/darmhi-1024x262.png\" class=\"attachment-large size-large wp-image-24\" alt=\"\" srcset=\"https:\/\/darmhi.com\/wp-content\/uploads\/2019\/10\/darmhi-1024x262.png 1024w, https:\/\/darmhi.com\/wp-content\/uploads\/2019\/10\/darmhi-300x77.png 300w, https:\/\/darmhi.com\/wp-content\/uploads\/2019\/10\/darmhi-768x197.png 768w\" sizes=\"(max-width: 800px) 100vw, 800px\" \/>\t\t\t\t\t\t\t\t<\/a>\n\t\t\t\t\t\t\t\t\t\t\t\t\t\t\t<\/div>\n\t\t\t\t<\/div>\n\t\t\t\t\t<\/div>\n\t\t<\/div>\n\t\t\t\t<div class=\"elementor-column elementor-col-66 elementor-top-column elementor-element elementor-element-54b4999\" data-id=\"54b4999\" data-element_type=\"column\" data-e-type=\"column\">\n\t\t\t<div class=\"elementor-widget-wrap\">\n\t\t\t\t\t\t\t<\/div>\n\t\t<\/div>\n\t\t\t\t\t<\/div>\n\t\t<\/section>\n\t\t\t\t<section class=\"elementor-section elementor-top-section elementor-element elementor-element-88c9e8c elementor-section-boxed elementor-section-height-default elementor-section-height-default\" data-id=\"88c9e8c\" data-element_type=\"section\" data-e-type=\"section\">\n\t\t\t\t\t\t<div class=\"elementor-container elementor-column-gap-default\">\n\t\t\t\t\t<div class=\"elementor-column elementor-col-100 elementor-top-column elementor-element elementor-element-284df4e\" data-id=\"284df4e\" data-element_type=\"column\" data-e-type=\"column\">\n\t\t\t<div class=\"elementor-widget-wrap elementor-element-populated\">\n\t\t\t\t\t\t<div class=\"elementor-element elementor-element-1b519d7 elementor-widget-divider--view-line elementor-widget elementor-widget-divider\" data-id=\"1b519d7\" data-element_type=\"widget\" data-e-type=\"widget\" data-widget_type=\"divider.default\">\n\t\t\t\t<div class=\"elementor-widget-container\">\n\t\t\t\t\t\t\t<div class=\"elementor-divider\">\n\t\t\t<span class=\"elementor-divider-separator\">\n\t\t\t\t\t\t<\/span>\n\t\t<\/div>\n\t\t\t\t\t\t<\/div>\n\t\t\t\t<\/div>\n\t\t\t\t<div class=\"elementor-element elementor-element-ff61d59 elementor-widget elementor-widget-heading\" data-id=\"ff61d59\" data-element_type=\"widget\" data-e-type=\"widget\" data-widget_type=\"heading.default\">\n\t\t\t\t<div class=\"elementor-widget-container\">\n\t\t\t\t\t<h2 class=\"elementor-heading-title elementor-size-default\">Aviso de Privacidad<\/h2>\t\t\t\t<\/div>\n\t\t\t\t<\/div>\n\t\t\t\t<div class=\"elementor-element elementor-element-86c786c elementor-widget-divider--view-line elementor-widget elementor-widget-divider\" data-id=\"86c786c\" data-element_type=\"widget\" data-e-type=\"widget\" data-widget_type=\"divider.default\">\n\t\t\t\t<div class=\"elementor-widget-container\">\n\t\t\t\t\t\t\t<div class=\"elementor-divider\">\n\t\t\t<span class=\"elementor-divider-separator\">\n\t\t\t\t\t\t<\/span>\n\t\t<\/div>\n\t\t\t\t\t\t<\/div>\n\t\t\t\t<\/div>\n\t\t\t\t<div class=\"elementor-element elementor-element-1adaccd elementor-widget elementor-widget-text-editor\" data-id=\"1adaccd\" data-element_type=\"widget\" data-e-type=\"widget\" data-widget_type=\"text-editor.default\">\n\t\t\t\t<div class=\"elementor-widget-container\">\n\t\t\t\t\t\t\t\t\t<p style=\"margin-bottom: 1rem; color: #212529; font-family: Raleway, 'Open Sans', sans-serif;\">Inmobiliaria Darmhi B&amp;S, con domicilio en\u00a0<span style=\"color: #00020c; font-family: Lora, sans-serif; white-space: pre-wrap;\">Blvd. Agua Caliente 10535-207<\/span>,\u00a0<span style=\"color: #00020c; font-family: Lora, sans-serif; white-space: pre-wrap;\">Col. Chapultepec CP 22020<\/span>, Tijuana B.C., es responsable de recabar sus datos personales, del uso que se le d\u00e9 a los mismos y de su protecci\u00f3n.<\/p><p style=\"text-align: justify;\"><span style=\"color: #212529; font-family: Raleway, 'Open Sans', sans-serif;\">\u00a0<\/span><\/p><p style=\"text-align: justify;\"><span style=\"color: #212529; font-family: Raleway, 'Open Sans', sans-serif;\">C\u00f3mo contactarnos:<\/span><\/p><div style=\"color: #212529; font-family: Raleway, 'Open Sans', sans-serif;\"><span style=\"color: #00020c; font-family: Lora, sans-serif; white-space: pre-wrap;\">Blvd. Agua Caliente 10535-207<\/span>,\u00a0<span style=\"color: #00020c; font-family: Lora, sans-serif; white-space: pre-wrap;\">Col. Chapultepec CP 22020<\/span>, Tijuana B.C.<\/div><p style=\"text-align: justify;\"><span style=\"color: #212529; font-family: Raleway, 'Open Sans', sans-serif;\">Correo electr\u00f3nico: <\/span><a style=\"font-family: Raleway, 'Open Sans', sans-serif; background-color: #ffffff;\" href=\"mailto:administracion@darmhi.com\">administracion@darmhi.com<\/a><\/p><p style=\"text-align: justify;\"><br style=\"color: #212529; font-family: Raleway, 'Open Sans', sans-serif; text-align: left;\" \/><br style=\"color: #212529; font-family: Raleway, 'Open Sans', sans-serif; text-align: left;\" \/><\/p><div style=\"color: #212529; font-family: Raleway, 'Open Sans', sans-serif;\">\u00bfPara qu\u00e9 fines recabamos y utilizamos sus datos personales?<\/div><div style=\"color: #212529; font-family: Raleway, 'Open Sans', sans-serif;\">Sus datos personales ser\u00e1n utilizados para las siguientes finalidades:<\/div><div style=\"color: #212529; font-family: Raleway, 'Open Sans', sans-serif;\"><ul style=\"margin-bottom: 1rem;\" type=\"disk\"><li>Proveer los servicios requeridos por usted;<\/li><li>Informar sobre cambios o servicios que est\u00e9n relacionados con el contratado o adquirido por el cliente;<\/li><li>Dar cumplimiento a obligaciones contra\u00eddas con nuestros clientes;<\/li><li>Realizar estudios internos sobre h\u00e1bitos de consumo.<\/li><\/ul><\/div><div style=\"color: #212529; font-family: Raleway, 'Open Sans', sans-serif;\">\u00bfQu\u00e9 datos personales obtenemos y de d\u00f3nde?<\/div><p style=\"margin-bottom: 1rem; color: #212529; font-family: Raleway, 'Open Sans', sans-serif;\">Para las finalidades se\u00f1aladas en el presente aviso de privacidad, podemos recabar sus datos personales de distintas formas: cuando usted nos los proporciona directamente; cuando visita nuestro sitio de Internet o utiliza nuestros servicios en l\u00ednea, y cuando obtenemos informaci\u00f3n a trav\u00e9s de otras fuentes que est\u00e1n permitidas por la ley.<\/p><p style=\"text-align: justify;\"><br style=\"color: #212529; font-family: Raleway, 'Open Sans', sans-serif; text-align: left;\" \/><span style=\"color: #212529; font-family: Raleway, 'Open Sans', sans-serif;\">Datos personales que recabamos de forma directa:<\/span><\/p><p style=\"margin-bottom: 1rem; color: #212529; font-family: Raleway, 'Open Sans', sans-serif;\">Recabamos sus datos personales de forma directa cuando usted mismo nos los proporciona por diversos medios, como cuando nos da informaci\u00f3n con objeto de que le prestemos un servicio. Los datos que obtenemos por este medio pueden ser, entre otros:<\/p><div style=\"color: #212529; font-family: Raleway, 'Open Sans', sans-serif;\"><ul style=\"margin-bottom: 1rem;\" type=\"disk\"><li>Nombre Completo<\/li><li>Email<\/li><li>Tel\u00e9fono particular<\/li><li>Tel\u00e9fono Celular<\/li><\/ul><\/div><p style=\"text-align: justify;\"><br style=\"color: #212529; font-family: Raleway, 'Open Sans', sans-serif; text-align: left;\" \/><span style=\"color: #212529; font-family: Raleway, 'Open Sans', sans-serif;\">Datos personales que recabamos cuando visita nuestro sitio de Internet o utiliza nuestros servicios en l\u00ednea:<\/span><\/p><div style=\"color: #212529; font-family: Raleway, 'Open Sans', sans-serif;\"><ul style=\"margin-bottom: 1rem;\" type=\"disk\"><li>Nombre Completo<\/li><li>Email<\/li><li>Tel\u00e9fono particular<\/li><li>Tel\u00e9fono Celular<\/li><\/ul><\/div><p style=\"text-align: justify;\"><br style=\"color: #212529; font-family: Raleway, 'Open Sans', sans-serif; text-align: left;\" \/><span style=\"color: #212529; font-family: Raleway, 'Open Sans', sans-serif;\">Datos personales sensibles:<\/span><\/p><p style=\"margin-bottom: 1rem; color: #212529; font-family: Raleway, 'Open Sans', sans-serif;\">Le informamos que en esta empresa no ser\u00e1n recabados y tratados datos personales sensibles que incluyen entre otros origen racial o \u00e9tnico, estado de salud presente y futuro, informaci\u00f3n gen\u00e9tica, creencias religiosas, filos\u00f3ficas y morales, afiliaci\u00f3n sindical, opiniones pol\u00edticas, preferencia sexual.<\/p><p style=\"text-align: justify;\"><span style=\"color: #212529; font-family: Raleway, 'Open Sans', sans-serif;\">\u00a0<\/span><\/p><p style=\"text-align: justify;\"><span style=\"color: #212529; font-family: Raleway, 'Open Sans', sans-serif;\">\u00bfC\u00f3mo acceder o rectificar sus datos personales o cancelar u oponerse a su uso?<\/span><\/p><p style=\"margin-bottom: 1rem; color: #212529; font-family: Raleway, 'Open Sans', sans-serif;\">Usted tiene el derecho de acceder a sus datos personales que poseemos y a los detalles del tratamiento de los mismos, as\u00ed como a rectificarlos en caso de ser inexactos o instruirnos cancelarlos cuando considere que resulten ser excesivos o innecesarios para las finalidades que justificaron su obtenci\u00f3n u oponerse al tratamiento de los mismos para fines espec\u00edficos.<\/p><div style=\"color: #212529; font-family: Raleway, 'Open Sans', sans-serif;\">Los mecanismos que se han implementado para el ejercicio de dichos derechos son a trav\u00e9s de la presentaci\u00f3n de la solicitud respectiva en:<\/div><div style=\"color: #212529; font-family: Raleway, 'Open Sans', sans-serif;\">Nuestro departamento de privacidad al correo <a href=\"mailto:administracion@darmhi.com\">administracion@darmhi.com<\/a><\/div><p style=\"text-align: justify;\"><br style=\"color: #212529; font-family: Raleway, 'Open Sans', sans-serif; text-align: left;\" \/><br style=\"color: #212529; font-family: Raleway, 'Open Sans', sans-serif; text-align: left;\" \/><span style=\"color: #212529; font-family: Raleway, 'Open Sans', sans-serif;\">Modificaciones al aviso de privacidad<\/span><\/p><p style=\"margin-bottom: 1rem; color: #212529; font-family: Raleway, 'Open Sans', sans-serif;\">Nos reservamos el derecho de efectuar en cualquier momento modificaciones o actualizaciones al presente aviso de privacidad, para la atenci\u00f3n de novedades legislativas o jurisprudenciales, pol\u00edticas internas, nuevos requerimientos para la prestaci\u00f3n u ofrecimiento de nuestros servicios o productos y pr\u00e1cticas del mercado.<\/p><div style=\"color: #212529; font-family: Raleway, 'Open Sans', sans-serif;\">Estas modificaciones estar\u00e1n disponibles al p\u00fablico a trav\u00e9s de nuestra p\u00e1gina de Internet <a href=\"https:\/\/darmhi.com\/index.php\/home\/aviso-de-privacidad\/\">www.darmhi.com\/aviso-de-privacidad<\/a><\/div>\t\t\t\t\t\t\t\t<\/div>\n\t\t\t\t<\/div>\n\t\t\t\t\t<\/div>\n\t\t<\/div>\n\t\t\t\t\t<\/div>\n\t\t<\/section>\n\t\t\t\t<section class=\"elementor-section elementor-top-section elementor-element elementor-element-796e04d elementor-section-full_width elementor-section-height-default elementor-section-height-default\" data-id=\"796e04d\" data-element_type=\"section\" data-e-type=\"section\">\n\t\t\t\t\t\t<div class=\"elementor-container elementor-column-gap-no\">\n\t\t\t\t\t<div class=\"elementor-column elementor-col-100 elementor-top-column elementor-element elementor-element-d6869ab\" data-id=\"d6869ab\" data-element_type=\"column\" data-e-type=\"column\">\n\t\t\t<div class=\"elementor-widget-wrap elementor-element-populated\">\n\t\t\t\t\t\t<div class=\"elementor-element elementor-element-0cebc34 elementor-widget elementor-widget-heading\" data-id=\"0cebc34\" data-element_type=\"widget\" data-e-type=\"widget\" data-widget_type=\"heading.default\">\n\t\t\t\t<div class=\"elementor-widget-container\">\n\t\t\t\t\t<h2 class=\"elementor-heading-title elementor-size-default\">contacto<\/h2>\t\t\t\t<\/div>\n\t\t\t\t<\/div>\n\t\t\t\t\t<\/div>\n\t\t<\/div>\n\t\t\t\t\t<\/div>\n\t\t<\/section>\n\t\t\t\t<section class=\"elementor-section elementor-top-section elementor-element elementor-element-9d7de8a elementor-section-full_width elementor-section-height-min-height elementor-section-items-stretch elementor-section-content-middle elementor-section-height-default\" data-id=\"9d7de8a\" data-element_type=\"section\" data-e-type=\"section\" id=\"Contacto\" data-settings=\"{&quot;background_background&quot;:&quot;none&quot;}\">\n\t\t\t\t\t\t<div class=\"elementor-container elementor-column-gap-no\">\n\t\t\t\t\t<div class=\"elementor-column elementor-col-50 elementor-top-column elementor-element elementor-element-869de5b\" data-id=\"869de5b\" data-element_type=\"column\" data-e-type=\"column\" data-settings=\"{&quot;background_background&quot;:&quot;classic&quot;}\">\n\t\t\t<div class=\"elementor-widget-wrap elementor-element-populated\">\n\t\t\t\t\t\t<div class=\"elementor-element elementor-element-1e740fa elementor-widget elementor-widget-wpforms\" data-id=\"1e740fa\" data-element_type=\"widget\" data-e-type=\"widget\" data-widget_type=\"wpforms.default\">\n\t\t\t\t<div class=\"elementor-widget-container\">\n\t\t\t\t\t<div class=\"wpforms-container wpforms-container-full\" id=\"wpforms-512\"><form id=\"wpforms-form-512\" class=\"wpforms-validate wpforms-form\" data-formid=\"512\" method=\"post\" enctype=\"multipart\/form-data\" action=\"\/index.php\/wp-json\/wp\/v2\/pages\/659\" data-token=\"0e9f46a617fc8b71949228ebb902874a\" data-token-time=\"1776782947\"><noscript class=\"wpforms-error-noscript\">Por favor, activa JavaScript en tu navegador para completar este formulario.<\/noscript><div class=\"wpforms-field-container\"><div id=\"wpforms-512-field_0-container\" class=\"wpforms-field wpforms-field-name\" data-field-id=\"0\"><label class=\"wpforms-field-label\">Nombre <span class=\"wpforms-required-label\">*<\/span><\/label><div class=\"wpforms-field-row wpforms-field-medium\"><div class=\"wpforms-field-row-block wpforms-first wpforms-one-half\"><input type=\"text\" id=\"wpforms-512-field_0\" class=\"wpforms-field-name-first wpforms-field-required\" name=\"wpforms[fields][0][first]\" required><label for=\"wpforms-512-field_0\" class=\"wpforms-field-sublabel after\">Nombre<\/label><\/div><div class=\"wpforms-field-row-block wpforms-one-half\"><input type=\"text\" id=\"wpforms-512-field_0-last\" class=\"wpforms-field-name-last wpforms-field-required\" name=\"wpforms[fields][0][last]\" required><label for=\"wpforms-512-field_0-last\" class=\"wpforms-field-sublabel after\">Apellidos<\/label><\/div><\/div><\/div><div id=\"wpforms-512-field_1-container\" class=\"wpforms-field wpforms-field-email\" data-field-id=\"1\"><label class=\"wpforms-field-label\" for=\"wpforms-512-field_1\">Correo electr\u00f3nico <span class=\"wpforms-required-label\">*<\/span><\/label><input type=\"email\" id=\"wpforms-512-field_1\" class=\"wpforms-field-medium wpforms-field-required\" name=\"wpforms[fields][1]\" spellcheck=\"false\" required><\/div><div id=\"wpforms-512-field_2-container\" class=\"wpforms-field wpforms-field-textarea\" data-field-id=\"2\"><label class=\"wpforms-field-label\" for=\"wpforms-512-field_2\">Comentario o mensaje <span class=\"wpforms-required-label\">*<\/span><\/label><textarea id=\"wpforms-512-field_2\" class=\"wpforms-field-medium wpforms-field-required\" name=\"wpforms[fields][2]\" required><\/textarea><\/div><\/div><!-- .wpforms-field-container --><div class=\"wpforms-submit-container\" ><input type=\"hidden\" name=\"wpforms[id]\" value=\"512\"><input type=\"hidden\" name=\"page_title\" value=\"\"><input type=\"hidden\" name=\"page_url\" value=\"https:\/\/darmhi.com\/index.php\/wp-json\/wp\/v2\/pages\/659\"><input type=\"hidden\" name=\"url_referer\" value=\"\"><button type=\"submit\" name=\"wpforms[submit]\" id=\"wpforms-submit-512\" class=\"wpforms-submit\" data-alt-text=\"Enviando...\" data-submit-text=\"Enviar\" aria-live=\"assertive\" value=\"wpforms-submit\">Enviar<\/button><\/div><\/form><\/div>  <!-- .wpforms-container -->\t\t\t\t<\/div>\n\t\t\t\t<\/div>\n\t\t\t\t\t<\/div>\n\t\t<\/div>\n\t\t\t\t<div class=\"elementor-column elementor-col-50 elementor-top-column elementor-element elementor-element-9e119d0\" data-id=\"9e119d0\" data-element_type=\"column\" data-e-type=\"column\" data-settings=\"{&quot;background_background&quot;:&quot;none&quot;}\">\n\t\t\t<div class=\"elementor-widget-wrap elementor-element-populated\">\n\t\t\t\t\t\t<div class=\"elementor-element elementor-element-820ea70 elementor-widget elementor-widget-heading\" data-id=\"820ea70\" data-element_type=\"widget\" data-e-type=\"widget\" data-widget_type=\"heading.default\">\n\t\t\t\t<div class=\"elementor-widget-container\">\n\t\t\t\t\t<h2 class=\"elementor-heading-title elementor-size-default\">Ponte en Contacto<\/h2>\t\t\t\t<\/div>\n\t\t\t\t<\/div>\n\t\t\t\t<div class=\"elementor-element elementor-element-c1d2e7b elementor-widget-divider--view-line elementor-widget elementor-widget-divider\" data-id=\"c1d2e7b\" data-element_type=\"widget\" data-e-type=\"widget\" data-widget_type=\"divider.default\">\n\t\t\t\t<div class=\"elementor-widget-container\">\n\t\t\t\t\t\t\t<div class=\"elementor-divider\">\n\t\t\t<span class=\"elementor-divider-separator\">\n\t\t\t\t\t\t<\/span>\n\t\t<\/div>\n\t\t\t\t\t\t<\/div>\n\t\t\t\t<\/div>\n\t\t\t\t<div class=\"elementor-element elementor-element-ecaaef5 elementor-mobile-align-center elementor-icon-list--layout-traditional elementor-list-item-link-full_width elementor-widget elementor-widget-icon-list\" data-id=\"ecaaef5\" data-element_type=\"widget\" data-e-type=\"widget\" data-widget_type=\"icon-list.default\">\n\t\t\t\t<div class=\"elementor-widget-container\">\n\t\t\t\t\t\t\t<ul class=\"elementor-icon-list-items\">\n\t\t\t\t\t\t\t<li class=\"elementor-icon-list-item\">\n\t\t\t\t\t\t\t\t\t\t\t<a href=\"tel:6642081005\">\n\n\t\t\t\t\t\t\t\t\t\t\t\t<span class=\"elementor-icon-list-icon\">\n\t\t\t\t\t\t\t<i aria-hidden=\"true\" class=\"fas fa-phone\"><\/i>\t\t\t\t\t\t<\/span>\n\t\t\t\t\t\t\t\t\t\t<span class=\"elementor-icon-list-text\">(664) 208 1005<\/span>\n\t\t\t\t\t\t\t\t\t\t\t<\/a>\n\t\t\t\t\t\t\t\t\t<\/li>\n\t\t\t\t\t\t\t\t<li class=\"elementor-icon-list-item\">\n\t\t\t\t\t\t\t\t\t\t\t<a href=\"mailto:administracion@darmhi.com\">\n\n\t\t\t\t\t\t\t\t\t\t\t\t<span class=\"elementor-icon-list-icon\">\n\t\t\t\t\t\t\t<i aria-hidden=\"true\" class=\"fas fa-paper-plane\"><\/i>\t\t\t\t\t\t<\/span>\n\t\t\t\t\t\t\t\t\t\t<span class=\"elementor-icon-list-text\">administracion@darmhi.com<\/span>\n\t\t\t\t\t\t\t\t\t\t\t<\/a>\n\t\t\t\t\t\t\t\t\t<\/li>\n\t\t\t\t\t\t\t\t<li class=\"elementor-icon-list-item\">\n\t\t\t\t\t\t\t\t\t\t\t<span class=\"elementor-icon-list-icon\">\n\t\t\t\t\t\t\t<i aria-hidden=\"true\" class=\"fas fa-map-pin\"><\/i>\t\t\t\t\t\t<\/span>\n\t\t\t\t\t\t\t\t\t\t<span class=\"elementor-icon-list-text\">Blvd. Agua Caliente 10535-207, Col. Chapultepec CP 22020, Tijuana BC<\/span>\n\t\t\t\t\t\t\t\t\t<\/li>\n\t\t\t\t\t\t\t\t<li class=\"elementor-icon-list-item\">\n\t\t\t\t\t\t\t\t\t\t\t<a href=\"http:\/\/www.facebook.com\/InmobiliariaDarmhi\">\n\n\t\t\t\t\t\t\t\t\t\t\t\t<span class=\"elementor-icon-list-icon\">\n\t\t\t\t\t\t\t<i aria-hidden=\"true\" class=\"fab fa-facebook-f\"><\/i>\t\t\t\t\t\t<\/span>\n\t\t\t\t\t\t\t\t\t\t<span class=\"elementor-icon-list-text\">Inmobiliaria Darmhi<\/span>\n\t\t\t\t\t\t\t\t\t\t\t<\/a>\n\t\t\t\t\t\t\t\t\t<\/li>\n\t\t\t\t\t\t<\/ul>\n\t\t\t\t\t\t<\/div>\n\t\t\t\t<\/div>\n\t\t\t\t\t<\/div>\n\t\t<\/div>\n\t\t\t\t\t<\/div>\n\t\t<\/section>\n\t\t\t\t<\/div>\n\t\t","protected":false},"excerpt":{"rendered":"<p>Aviso de Privacidad Inmobiliaria Darmhi B&amp;S, con domicilio en\u00a0Blvd. Agua Caliente 10535-207,\u00a0Col. Chapultepec CP 22020, Tijuana B.C., es responsable de recabar sus datos personales, del uso que se le d\u00e9 a los mismos y de su protecci\u00f3n. \u00a0 C\u00f3mo contactarnos: Blvd. Agua Caliente 10535-207,\u00a0Col. Chapultepec CP 22020, Tijuana B.C. Correo electr\u00f3nico: administracion@darmhi.com \u00bfPara qu\u00e9 fines [&hellip;]<\/p>\n","protected":false},"author":1,"featured_media":0,"parent":11,"menu_order":0,"comment_status":"closed","ping_status":"closed","template":"","meta":{"footnotes":""},"class_list":["post-659","page","type-page","status-publish","hentry"],"yoast_head":"<!-- This site is optimized with the Yoast SEO Premium plugin v15.2.1 - https:\/\/yoast.com\/wordpress\/plugins\/seo\/ -->\n<title>Aviso de Privacidad |<\/title>\n<meta name=\"description\" content=\"Renta de Locales Comerciales y Bodegas en Tijuana, 5y10 y 20 de Noviembre\" \/>\n<meta name=\"robots\" content=\"index, follow, max-snippet:-1, max-image-preview:large, max-video-preview:-1\" \/>\n<link rel=\"canonical\" href=\"https:\/\/darmhi.com\/index.php\/home\/aviso-de-privacidad\/\" \/>\n<meta property=\"og:locale\" content=\"es_MX\" \/>\n<meta property=\"og:type\" content=\"article\" \/>\n<meta property=\"og:title\" content=\"Aviso de Privacidad |\" \/>\n<meta property=\"og:description\" content=\"Renta de Locales Comerciales y Bodegas en Tijuana, 5y10 y 20 de Noviembre\" \/>\n<meta property=\"og:url\" content=\"https:\/\/darmhi.com\/index.php\/home\/aviso-de-privacidad\/\" \/>\n<meta property=\"article:publisher\" content=\"http:\/\/www.facebook.com\/inmobiliariadarmhi\" \/>\n<meta property=\"article:modified_time\" content=\"2022-06-01T19:14:58+00:00\" \/>\n<meta property=\"og:image\" content=\"https:\/\/darmhi.com\/wp-content\/uploads\/2019\/10\/darmhi-1024x262.png\" \/>\n<meta name=\"twitter:card\" content=\"summary_large_image\" \/>\n<meta name=\"twitter:label1\" content=\"Escrito por\">\n\t<meta name=\"twitter:data1\" content=\"armoag\">\n\t<meta name=\"twitter:label2\" content=\"Tiempo de lectura\">\n\t<meta name=\"twitter:data2\" content=\"2 minutos\">\n<script type=\"application\/ld+json\" class=\"yoast-schema-graph\">{\"@context\":\"https:\/\/schema.org\",\"@graph\":[{\"@type\":\"Organization\",\"@id\":\"https:\/\/darmhi.com\/#organization\",\"name\":\"Inmobiliaria Darmhi\",\"url\":\"https:\/\/darmhi.com\/\",\"sameAs\":[\"http:\/\/www.facebook.com\/inmobiliariadarmhi\"],\"logo\":{\"@type\":\"ImageObject\",\"@id\":\"https:\/\/darmhi.com\/#logo\",\"inLanguage\":\"es\",\"url\":\"https:\/\/darmhi.com\/wp-content\/uploads\/2019\/10\/darmhi.png\",\"width\":3418,\"height\":875,\"caption\":\"Inmobiliaria Darmhi\"},\"image\":{\"@id\":\"https:\/\/darmhi.com\/#logo\"}},{\"@type\":\"WebSite\",\"@id\":\"https:\/\/darmhi.com\/#website\",\"url\":\"https:\/\/darmhi.com\/\",\"name\":\"\",\"description\":\"\",\"publisher\":{\"@id\":\"https:\/\/darmhi.com\/#organization\"},\"potentialAction\":[{\"@type\":\"SearchAction\",\"target\":\"https:\/\/darmhi.com\/?s={search_term_string}\",\"query-input\":\"required name=search_term_string\"}],\"inLanguage\":\"es\"},{\"@type\":\"ImageObject\",\"@id\":\"https:\/\/darmhi.com\/index.php\/home\/aviso-de-privacidad\/#primaryimage\",\"inLanguage\":\"es\",\"url\":\"https:\/\/darmhi.com\/wp-content\/uploads\/2019\/10\/darmhi.png\",\"width\":3418,\"height\":875},{\"@type\":\"WebPage\",\"@id\":\"https:\/\/darmhi.com\/index.php\/home\/aviso-de-privacidad\/#webpage\",\"url\":\"https:\/\/darmhi.com\/index.php\/home\/aviso-de-privacidad\/\",\"name\":\"Aviso de Privacidad |\",\"isPartOf\":{\"@id\":\"https:\/\/darmhi.com\/#website\"},\"primaryImageOfPage\":{\"@id\":\"https:\/\/darmhi.com\/index.php\/home\/aviso-de-privacidad\/#primaryimage\"},\"datePublished\":\"2022-06-01T18:57:19+00:00\",\"dateModified\":\"2022-06-01T19:14:58+00:00\",\"description\":\"Renta de Locales Comerciales y Bodegas en Tijuana, 5y10 y 20 de Noviembre\",\"inLanguage\":\"es\",\"potentialAction\":[{\"@type\":\"ReadAction\",\"target\":[\"https:\/\/darmhi.com\/index.php\/home\/aviso-de-privacidad\/\"]}]}]}<\/script>\n<!-- \/ Yoast SEO Premium plugin. -->","_links":{"self":[{"href":"https:\/\/darmhi.com\/index.php\/wp-json\/wp\/v2\/pages\/659","targetHints":{"allow":["GET"]}}],"collection":[{"href":"https:\/\/darmhi.com\/index.php\/wp-json\/wp\/v2\/pages"}],"about":[{"href":"https:\/\/darmhi.com\/index.php\/wp-json\/wp\/v2\/types\/page"}],"author":[{"embeddable":true,"href":"https:\/\/darmhi.com\/index.php\/wp-json\/wp\/v2\/users\/1"}],"replies":[{"embeddable":true,"href":"https:\/\/darmhi.com\/index.php\/wp-json\/wp\/v2\/comments?post=659"}],"version-history":[{"count":10,"href":"https:\/\/darmhi.com\/index.php\/wp-json\/wp\/v2\/pages\/659\/revisions"}],"predecessor-version":[{"id":670,"href":"https:\/\/darmhi.com\/index.php\/wp-json\/wp\/v2\/pages\/659\/revisions\/670"}],"up":[{"embeddable":true,"href":"https:\/\/darmhi.com\/index.php\/wp-json\/wp\/v2\/pages\/11"}],"wp:attachment":[{"href":"https:\/\/darmhi.com\/index.php\/wp-json\/wp\/v2\/media?parent=659"}],"curies":[{"name":"wp","href":"https:\/\/api.w.org\/{rel}","templated":true}]}}